{"id":520,"date":"2023-08-07T10:21:02","date_gmt":"2023-08-07T07:21:02","guid":{"rendered":"https:\/\/tuikkustarlet.fi\/?post_type=product&#038;p=520"},"modified":"2023-10-03T04:26:39","modified_gmt":"2023-10-03T01:26:39","slug":"viimeiset-auringonsateet-copy","status":"publish","type":"product","link":"https:\/\/tuikkustarlet.fi\/fi\/tuote\/viimeiset-auringonsateet-copy\/","title":{"rendered":"Mustat perhoset"},"content":{"rendered":"<p>Oli j\u00e4lleen kaunis auringonlasku ja halusin kuvata. Ajatukseni vain eiv\u00e4t oikein pysyneet kuvassa. Olin surullinen, v\u00e4synyt ja ep\u00e4toivoinen. Mustat perhoset tanssivat silmiss\u00e4ni ja syd\u00e4mess\u00e4ni ja haittasivat kauneutta, rakkautta ja toivoa n\u00e4kym\u00e4st\u00e4. Niinkuin ongelma, johon ei ole ratkaisua. Siit\u00e4 t\u00e4m\u00e4 kuva kertoo<\/p>\n","protected":false},"excerpt":{"rendered":"<p>Mustat perhoset tarttuivat kaikkeen kauniisen ja estiv\u00e4t minua n\u00e4kem\u00e4st\u00e4 sit\u00e4.<\/p>\n","protected":false},"featured_media":526,"comment_status":"open","ping_status":"closed","template":"","meta":[],"product_brand":[],"product_cat":[108],"product_tag":[115,171,193,141,201,205],"class_list":{"0":"post-520","1":"product","2":"type-product","3":"status-publish","4":"has-post-thumbnail","6":"product_cat-kuvat","7":"product_tag-clouds-fi","8":"product_tag-red-fi","9":"product_tag-sad-fi","10":"product_tag-sunset-fi","11":"product_tag-tummat-varit","12":"product_tag-vasynyt","14":"first","15":"instock","16":"taxable","17":"shipping-taxable","18":"purchasable","19":"product-type-variable"},"jetpack_sharing_enabled":true,"_links":{"self":[{"href":"https:\/\/tuikkustarlet.fi\/fi\/wp-json\/wp\/v2\/product\/520","targetHints":{"allow":["GET"]}}],"collection":[{"href":"https:\/\/tuikkustarlet.fi\/fi\/wp-json\/wp\/v2\/product"}],"about":[{"href":"https:\/\/tuikkustarlet.fi\/fi\/wp-json\/wp\/v2\/types\/product"}],"replies":[{"embeddable":true,"href":"https:\/\/tuikkustarlet.fi\/fi\/wp-json\/wp\/v2\/comments?post=520"}],"wp:featuredmedia":[{"embeddable":true,"href":"https:\/\/tuikkustarlet.fi\/fi\/wp-json\/wp\/v2\/media\/526"}],"wp:attachment":[{"href":"https:\/\/tuikkustarlet.fi\/fi\/wp-json\/wp\/v2\/media?parent=520"}],"wp:term":[{"taxonomy":"product_brand","embeddable":true,"href":"https:\/\/tuikkustarlet.fi\/fi\/wp-json\/wp\/v2\/product_brand?post=520"},{"taxonomy":"product_cat","embeddable":true,"href":"https:\/\/tuikkustarlet.fi\/fi\/wp-json\/wp\/v2\/product_cat?post=520"},{"taxonomy":"product_tag","embeddable":true,"href":"https:\/\/tuikkustarlet.fi\/fi\/wp-json\/wp\/v2\/product_tag?post=520"}],"curies":[{"name":"wp","href":"https:\/\/api.w.org\/{rel}","templated":true}]}}