{"id":661,"date":"2023-07-22T06:54:31","date_gmt":"2023-07-22T03:54:31","guid":{"rendered":"https:\/\/tuikkustarlet.fi\/?page_id=661"},"modified":"2023-09-30T21:38:14","modified_gmt":"2023-09-30T18:38:14","slug":"blog","status":"publish","type":"page","link":"https:\/\/tuikkustarlet.fi\/fi\/blog\/","title":{"rendered":"Blog"},"content":{"rendered":"\n<div class=\"wp-block-query is-layout-flow wp-block-query-is-layout-flow\"><ul class=\"wp-block-post-template is-layout-flow wp-block-post-template-is-layout-flow\"><li class=\"wp-block-post post-417 post type-post status-publish format-standard has-post-thumbnail hentry category-uncategorized-fi\">\n<div class=\"wp-block-post-date\"><time datetime=\"2023-07-22T06:54:31+03:00\">22 hein\u00e4kuun, 2023<\/time><\/div>\n\n<h2 class=\"wp-block-post-title\"><a href=\"https:\/\/tuikkustarlet.fi\/fi\/2023\/07\/22\/hello-world\/\" target=\"_self\" >Tervehdys sin\u00e4 siell\u00e4!<\/a><\/h2>\n\n\n<div class=\"wp-block-columns alignwide is-layout-flex wp-container-core-columns-is-layout-28f84493 wp-block-columns-is-layout-flex\">\n<div class=\"wp-block-column is-layout-flow wp-block-column-is-layout-flow\" style=\"flex-basis:66.66%\"><figure class=\"wp-block-post-featured-image\"><a href=\"https:\/\/tuikkustarlet.fi\/fi\/2023\/07\/22\/hello-world\/\" target=\"_self\"  ><img loading=\"lazy\" decoding=\"async\" width=\"1599\" height=\"1485\" src=\"https:\/\/tuikkustarlet.fi\/wp-content\/uploads\/2023\/07\/MG_2078.jpg\" class=\"attachment-post-thumbnail size-post-thumbnail wp-post-image\" alt=\"Tervehdys sin\u00e4 siell\u00e4!\" style=\"object-fit:cover;\" srcset=\"https:\/\/tuikkustarlet.fi\/wp-content\/uploads\/2023\/07\/MG_2078.jpg 1599w, https:\/\/tuikkustarlet.fi\/wp-content\/uploads\/2023\/07\/MG_2078-600x557.jpg 600w, https:\/\/tuikkustarlet.fi\/wp-content\/uploads\/2023\/07\/MG_2078-300x279.jpg 300w, https:\/\/tuikkustarlet.fi\/wp-content\/uploads\/2023\/07\/MG_2078-1024x951.jpg 1024w, https:\/\/tuikkustarlet.fi\/wp-content\/uploads\/2023\/07\/MG_2078-768x713.jpg 768w, https:\/\/tuikkustarlet.fi\/wp-content\/uploads\/2023\/07\/MG_2078-1536x1426.jpg 1536w\" sizes=\"auto, (max-width: 1599px) 100vw, 1599px\" \/><\/a><\/figure><\/div>\n\n\n\n<div class=\"wp-block-column is-layout-flow wp-block-column-is-layout-flow\" style=\"flex-basis:33.33%\"><div class=\"wp-block-post-excerpt\"><p class=\"wp-block-post-excerpt__excerpt\">Viimeinkin voin kirjoittaa ensimm\u00e4isen blogini ja toivottaa sinut tervetulleeksi katsomaan kuviani sivulleni. Kiva kun l\u00f6ysit minut! Sivujen alaosassa on muitakin nettisaitteja miss\u00e4 on kuviani ja mist\u00e4 minut tavoittaa jos haluat keskustella. Kuviani voit my\u00f6s halutessasi tilata laadukkaina k\u00e4sintehtyin\u00e4 julisteina tai kartonkitauluina. Myyn kutakin kuvaa vain rajoitetun m\u00e4\u00e4r\u00e4n. Ne on numeroitu ja signeerattu. Kuviani saa vain&hellip; <\/p><\/div><\/div>\n<\/div>\n\n<\/li><li class=\"wp-block-post post-747 post type-post status-publish format-standard has-post-thumbnail hentry category-uncategorized-fi\">\n<div class=\"wp-block-post-date\"><time datetime=\"2024-02-29T21:09:10+02:00\">29 helmikuun, 2024<\/time><\/div>\n\n<h2 class=\"wp-block-post-title\"><a href=\"https:\/\/tuikkustarlet.fi\/fi\/2024\/02\/29\/ahkeraa-opiskelua\/\" target=\"_self\" >Ahkeraa opiskelua<\/a><\/h2>\n\n\n<div class=\"wp-block-columns alignwide is-layout-flex wp-container-core-columns-is-layout-28f84493 wp-block-columns-is-layout-flex\">\n<div class=\"wp-block-column is-layout-flow wp-block-column-is-layout-flow\" style=\"flex-basis:66.66%\"><figure class=\"wp-block-post-featured-image\"><a href=\"https:\/\/tuikkustarlet.fi\/fi\/2024\/02\/29\/ahkeraa-opiskelua\/\" target=\"_self\"  ><img loading=\"lazy\" decoding=\"async\" width=\"2048\" height=\"1536\" src=\"https:\/\/tuikkustarlet.fi\/wp-content\/uploads\/2023\/11\/MG_1071.jpg\" class=\"attachment-post-thumbnail size-post-thumbnail wp-post-image\" alt=\"Ahkeraa opiskelua\" style=\"object-fit:cover;\" srcset=\"https:\/\/tuikkustarlet.fi\/wp-content\/uploads\/2023\/11\/MG_1071.jpg 2048w, https:\/\/tuikkustarlet.fi\/wp-content\/uploads\/2023\/11\/MG_1071-300x225.jpg 300w, https:\/\/tuikkustarlet.fi\/wp-content\/uploads\/2023\/11\/MG_1071-768x576.jpg 768w, https:\/\/tuikkustarlet.fi\/wp-content\/uploads\/2023\/11\/MG_1071-1024x768.jpg 1024w, https:\/\/tuikkustarlet.fi\/wp-content\/uploads\/2023\/11\/MG_1071-1536x1152.jpg 1536w, https:\/\/tuikkustarlet.fi\/wp-content\/uploads\/2023\/11\/MG_1071-600x450.jpg 600w\" sizes=\"auto, (max-width: 2048px) 100vw, 2048px\" \/><\/a><\/figure><\/div>\n\n\n\n<div class=\"wp-block-column is-layout-flow wp-block-column-is-layout-flow\" style=\"flex-basis:33.33%\"><div class=\"wp-block-post-excerpt\"><p class=\"wp-block-post-excerpt__excerpt\">Vuosi 2024 on alkanut niin ahkeralla opiskelulla, ett\u00e4 en ole ehtinyt edes uutta blogipostausta tekem\u00e4\u00e4n. Suoritan Nakkilan Sataedussa Media-alan ammattitutkintoa. Valokuvaaja. Opiskeluni on loppusuoralla ja sen kyll\u00e4 huomaa. T\u00e4h\u00e4n menness\u00e4 olen suorittanut hyv\u00e4ksytysti kaksi suurta n\u00e4ytt\u00f6\u00e4 ja edess\u00e4 on viel\u00e4 kaksi. Toisen aihe on taidekuvaus ja se on minulle kovasti mieluista. Minulla on ollut vuodenvaihteessa&hellip; <\/p><\/div><\/div>\n<\/div>\n\n<\/li><li class=\"wp-block-post post-741 post type-post status-publish format-standard has-post-thumbnail hentry category-uncategorized-fi\">\n<div class=\"wp-block-post-date\"><time datetime=\"2023-11-19T17:45:47+02:00\">19 marraskuun, 2023<\/time><\/div>\n\n<h2 class=\"wp-block-post-title\"><a href=\"https:\/\/tuikkustarlet.fi\/fi\/2023\/11\/19\/an-exhibiotion-tomorrow\/\" target=\"_self\" >N\u00e4yttely huomenna, jee kivaa!<\/a><\/h2>\n\n\n<div class=\"wp-block-columns alignwide is-layout-flex wp-container-core-columns-is-layout-28f84493 wp-block-columns-is-layout-flex\">\n<div class=\"wp-block-column is-layout-flow wp-block-column-is-layout-flow\" style=\"flex-basis:66.66%\"><figure class=\"wp-block-post-featured-image\"><a href=\"https:\/\/tuikkustarlet.fi\/fi\/2023\/11\/19\/an-exhibiotion-tomorrow\/\" target=\"_self\"  ><img loading=\"lazy\" decoding=\"async\" width=\"2048\" height=\"1536\" src=\"https:\/\/tuikkustarlet.fi\/wp-content\/uploads\/2023\/11\/MG_1071.jpg\" class=\"attachment-post-thumbnail size-post-thumbnail wp-post-image\" alt=\"N\u00e4yttely huomenna, jee kivaa!\" style=\"object-fit:cover;\" srcset=\"https:\/\/tuikkustarlet.fi\/wp-content\/uploads\/2023\/11\/MG_1071.jpg 2048w, https:\/\/tuikkustarlet.fi\/wp-content\/uploads\/2023\/11\/MG_1071-300x225.jpg 300w, https:\/\/tuikkustarlet.fi\/wp-content\/uploads\/2023\/11\/MG_1071-768x576.jpg 768w, https:\/\/tuikkustarlet.fi\/wp-content\/uploads\/2023\/11\/MG_1071-1024x768.jpg 1024w, https:\/\/tuikkustarlet.fi\/wp-content\/uploads\/2023\/11\/MG_1071-1536x1152.jpg 1536w, https:\/\/tuikkustarlet.fi\/wp-content\/uploads\/2023\/11\/MG_1071-600x450.jpg 600w\" sizes=\"auto, (max-width: 2048px) 100vw, 2048px\" \/><\/a><\/figure><\/div>\n\n\n\n<div class=\"wp-block-column is-layout-flow wp-block-column-is-layout-flow\" style=\"flex-basis:33.33%\"><div class=\"wp-block-post-excerpt\"><p class=\"wp-block-post-excerpt__excerpt\">Huomenna 20 marraskuuta on kiva p\u00e4iv\u00e4. Silloin avautuu Ulvilan kirjastossa revontulikuvan\u00e4yttelyni &#8220;Taivaan tulet&#8221;. Avajaiset ovat klo 16. N\u00e4ytill\u00e4 on syyskuussa Lapin reissulla otettuja kuvia, mutta my\u00f6s joitain aiemmin Porissa meren rannalla ja Pomarkussa Isonevan soiden suojelualueella otettuja. Min\u00e4h\u00e4n on aikalailla hulluna revontuliin. Aloitin koko valokuvaukseni nimenomaan siit\u00e4, vajaa kymmenisen vuotta sitten. Jokainen revontuliy\u00f6 on erilainen,&hellip; <\/p><\/div><\/div>\n<\/div>\n\n<\/li><li class=\"wp-block-post post-692 post type-post status-publish format-standard has-post-thumbnail hentry category-uncategorized-fi\">\n<div class=\"wp-block-post-date\"><time datetime=\"2023-09-30T17:48:06+03:00\">30 syyskuun, 2023<\/time><\/div>\n\n<h2 class=\"wp-block-post-title\"><a href=\"https:\/\/tuikkustarlet.fi\/fi\/2023\/09\/30\/lapinterveisia\/\" target=\"_self\" >Lapinterveisi\u00e4<\/a><\/h2>\n\n\n<div class=\"wp-block-columns alignwide is-layout-flex wp-container-core-columns-is-layout-28f84493 wp-block-columns-is-layout-flex\">\n<div class=\"wp-block-column is-layout-flow wp-block-column-is-layout-flow\" style=\"flex-basis:66.66%\"><figure class=\"wp-block-post-featured-image\"><a href=\"https:\/\/tuikkustarlet.fi\/fi\/2023\/09\/30\/lapinterveisia\/\" target=\"_self\"  ><img loading=\"lazy\" decoding=\"async\" width=\"2048\" height=\"1365\" src=\"https:\/\/tuikkustarlet.fi\/wp-content\/uploads\/2023\/09\/MG_4812.jpg\" class=\"attachment-post-thumbnail size-post-thumbnail wp-post-image\" alt=\"Lapinterveisi\u00e4\" style=\"object-fit:cover;\" srcset=\"https:\/\/tuikkustarlet.fi\/wp-content\/uploads\/2023\/09\/MG_4812.jpg 2048w, https:\/\/tuikkustarlet.fi\/wp-content\/uploads\/2023\/09\/MG_4812-300x200.jpg 300w, https:\/\/tuikkustarlet.fi\/wp-content\/uploads\/2023\/09\/MG_4812-1024x683.jpg 1024w, https:\/\/tuikkustarlet.fi\/wp-content\/uploads\/2023\/09\/MG_4812-768x512.jpg 768w, https:\/\/tuikkustarlet.fi\/wp-content\/uploads\/2023\/09\/MG_4812-1536x1024.jpg 1536w, https:\/\/tuikkustarlet.fi\/wp-content\/uploads\/2023\/09\/MG_4812-600x400.jpg 600w\" sizes=\"auto, (max-width: 2048px) 100vw, 2048px\" \/><\/a><\/figure><\/div>\n\n\n\n<div class=\"wp-block-column is-layout-flow wp-block-column-is-layout-flow\" style=\"flex-basis:33.33%\"><div class=\"wp-block-post-excerpt\"><p class=\"wp-block-post-excerpt__excerpt\">Palasimme juuri Lapista joka syksyiselt\u00e4 syyskuun kuvausreissultani. Pohjoisessa kun revontulet ovat voimakkaampia ja siin\u00e4 m\u00e4\u00e4rin erilaisia kuin etel\u00e4isess\u00e4 Suomessa, ett\u00e4 niit\u00e4 p\u00e4\u00e4see katsomaan &#8220;alta&#8221;. Etel\u00e4ss\u00e4 kun niit\u00e4 katsellaan enimm\u00e4kseen pohjoisen taivaanrannan kaarta ihaillen. Nooh, kyll\u00e4 etel\u00e4ss\u00e4kin joitain hienoja koko taivaan revontulia joskus n\u00e4kee, mutta Lapissa useammin. Syyskuuhan on muutenkin juuri sit\u00e4 parasta revontuliaikaa koska syysp\u00e4iv\u00e4ntasaus&hellip; <\/p><\/div><\/div>\n<\/div>\n\n<\/li><\/ul><\/div>\n","protected":false},"excerpt":{"rendered":"","protected":false},"author":1,"featured_media":0,"parent":0,"menu_order":0,"comment_status":"closed","ping_status":"open","template":"","meta":{"footnotes":""},"class_list":["post-661","page","type-page","status-publish","hentry"],"jetpack_sharing_enabled":true,"_links":{"self":[{"href":"https:\/\/tuikkustarlet.fi\/fi\/wp-json\/wp\/v2\/pages\/661","targetHints":{"allow":["GET"]}}],"collection":[{"href":"https:\/\/tuikkustarlet.fi\/fi\/wp-json\/wp\/v2\/pages"}],"about":[{"href":"https:\/\/tuikkustarlet.fi\/fi\/wp-json\/wp\/v2\/types\/page"}],"author":[{"embeddable":true,"href":"https:\/\/tuikkustarlet.fi\/fi\/wp-json\/wp\/v2\/users\/1"}],"replies":[{"embeddable":true,"href":"https:\/\/tuikkustarlet.fi\/fi\/wp-json\/wp\/v2\/comments?post=661"}],"version-history":[{"count":2,"href":"https:\/\/tuikkustarlet.fi\/fi\/wp-json\/wp\/v2\/pages\/661\/revisions"}],"predecessor-version":[{"id":698,"href":"https:\/\/tuikkustarlet.fi\/fi\/wp-json\/wp\/v2\/pages\/661\/revisions\/698"}],"wp:attachment":[{"href":"https:\/\/tuikkustarlet.fi\/fi\/wp-json\/wp\/v2\/media?parent=661"}],"curies":[{"name":"wp","href":"https:\/\/api.w.org\/{rel}","templated":true}]}}