{"id":588,"date":"2023-09-01T18:10:39","date_gmt":"2023-09-01T15:10:39","guid":{"rendered":"https:\/\/tuikkustarlet.fi\/?page_id=588"},"modified":"2023-09-01T20:58:28","modified_gmt":"2023-09-01T17:58:28","slug":"yleiset-toimitusehdot-tuikku-starlet-photo-art","status":"publish","type":"page","link":"https:\/\/tuikkustarlet.fi\/fi\/yleiset-toimitusehdot-tuikku-starlet-photo-art\/","title":{"rendered":"Yleiset toimitusehdot \u2013 Tuikku Starlet &#8211; Photo Art"},"content":{"rendered":"\n<ol class=\"wp-block-list\">\n<li><strong>Yleist\u00e4<\/strong> <br>1.1. N\u00e4it\u00e4 toimitusehtoja sovelletaan Tuikku Starlet &#8211; Photo Art verkkokaupan ja sen asiakkaiden v\u00e4lisess\u00e4 kauppasuhteessa. <br>1.2. Verkkokauppa myy tuotteita t\u00e4ysi-ik\u00e4isille yksityishenkil\u00f6ille ja yrityksille EU-alueella.<\/li>\n\n\n\n<li><strong>Tuotteet ja hinnat<\/strong> <br>2.1. Tuotteiden hinnat sis\u00e4lt\u00e4v\u00e4t arvonlis\u00e4veron. Pid\u00e4t\u00e4mme oikeuden hintojen ja toimituskulujen muutoksiin.<\/li>\n\n\n\n<li><strong>Tilauksen tekeminen<\/strong> <br>3.1. Tuotteet tilataan p\u00e4\u00e4s\u00e4\u00e4nt\u00f6isesti internetin v\u00e4lityksell\u00e4 ostoskorin kautta. <br>3.2. Kaikki asiakastiedot k\u00e4sitell\u00e4\u00e4n luottamuksellisesti.<\/li>\n\n\n\n<li><strong>Maksaminen ja maksutavat<\/strong> <br>4.1. Tilaus ja toimituskulut maksetaan tilauksen yhteydess\u00e4. Verkkokaupassa voi maksaa Klarna palvelun tarjoamilla maksutavoilla.<\/li>\n\n\n\n<li><strong>Toimitustavat ja -kulut<\/strong> <br>5.1. Toimituskulut sis\u00e4lt\u00e4v\u00e4t posti- ja pakkauskulut. <br>5.2. Pyrimme toimittamaan tilatut tuotteet mahdollisimman nopeasti.<\/li>\n\n\n\n<li><strong>Vaihto- ja palautusehdot<\/strong> <br>6.1. Asiakkaalla on EU-lains\u00e4\u00e4d\u00e4nn\u00f6n mukainen 14 p\u00e4iv\u00e4n vaihto- ja palautusoikeus. <br>6.2. Palautettavan tuotteen tulee olla k\u00e4ytt\u00e4m\u00e4t\u00f6n ja alkuper\u00e4isess\u00e4 kunnossa.<\/li>\n\n\n\n<li><strong>Force Majeure<\/strong> <br>7.1. Verkkokauppa ei vastaa siit\u00e4, ett\u00e4 tilauksen toimitus estyy, vaikeutuu tai my\u00f6h\u00e4styy verkkokaupan vaikutusmahdollisuuksien ulkopuolella olevasta seikasta.<\/li>\n\n\n\n<li><strong>Erimielisyyksien ratkaiseminen<\/strong> <br>8.1. T\u00e4m\u00e4 sopimus m\u00e4\u00e4r\u00e4ytyy Suomen lain mukaan. Erimielisyydet ratkaistaan Suomen oikeusasteissa.<\/li>\n\n\n\n<li><strong>Yhteystiedot<\/strong> <br>9.1. Kaikissa tilauksiin liittyviss\u00e4 kysymyksiss\u00e4 pyyd\u00e4mme ottamaan ensisijaisesti yhteytt\u00e4 s\u00e4hk\u00f6postitse: tuikku@tuikkustarlet.fi.<br><br>Tuikku Starlet &#8211; Photo Art<br>Villil\u00e4ntie 1<br>29250 NAKKILA<br><br>Y-tunnus <strong>2344729-4<\/strong><\/li>\n<\/ol>\n","protected":false},"excerpt":{"rendered":"","protected":false},"author":2,"featured_media":0,"parent":0,"menu_order":0,"comment_status":"closed","ping_status":"closed","template":"","meta":{"footnotes":""},"class_list":["post-588","page","type-page","status-publish","hentry"],"jetpack_sharing_enabled":true,"_links":{"self":[{"href":"https:\/\/tuikkustarlet.fi\/fi\/wp-json\/wp\/v2\/pages\/588","targetHints":{"allow":["GET"]}}],"collection":[{"href":"https:\/\/tuikkustarlet.fi\/fi\/wp-json\/wp\/v2\/pages"}],"about":[{"href":"https:\/\/tuikkustarlet.fi\/fi\/wp-json\/wp\/v2\/types\/page"}],"author":[{"embeddable":true,"href":"https:\/\/tuikkustarlet.fi\/fi\/wp-json\/wp\/v2\/users\/2"}],"replies":[{"embeddable":true,"href":"https:\/\/tuikkustarlet.fi\/fi\/wp-json\/wp\/v2\/comments?post=588"}],"version-history":[{"count":5,"href":"https:\/\/tuikkustarlet.fi\/fi\/wp-json\/wp\/v2\/pages\/588\/revisions"}],"predecessor-version":[{"id":602,"href":"https:\/\/tuikkustarlet.fi\/fi\/wp-json\/wp\/v2\/pages\/588\/revisions\/602"}],"wp:attachment":[{"href":"https:\/\/tuikkustarlet.fi\/fi\/wp-json\/wp\/v2\/media?parent=588"}],"curies":[{"name":"wp","href":"https:\/\/api.w.org\/{rel}","templated":true}]}}