{"id":471,"date":"2023-08-02T15:16:04","date_gmt":"2023-08-02T15:16:04","guid":{"rendered":"https:\/\/tuikkustarlet.fi\/me\/"},"modified":"2023-08-06T13:08:26","modified_gmt":"2023-08-06T13:08:26","slug":"me","status":"publish","type":"page","link":"https:\/\/tuikkustarlet.fi\/fi\/me\/","title":{"rendered":"Min\u00e4"},"content":{"rendered":"\n<p>Jo pikkutytt\u00f6n\u00e4 uppouduin kauniiden maisemien \u00e4\u00e4relle, j\u00e4rven rantaan tai mets\u00e4kukkuloille. Suon usvassa tanssi iltaisin keijuja kastehelmi\u00e4 hameissaan. Opiskellessani teoreettista fysiikkaa ja t\u00e4htitiedett\u00e4 tajusin, ett\u00e4 olemme kaikki, koko universumi samaa hiukkasten tanssia &#8211; &#8220;T\u00e4htip\u00f6ly\u00e4 kaikki me vaan&#8221; laulan luontobiisej\u00e4 esitt\u00e4v\u00e4ss\u00e4 b\u00e4ndiss\u00e4ni. Ja samoista tunnelmista teen kuviani. Rakkaudesta, ykseydest\u00e4, joskus ilosta, joskus surusta, joskus pelostakin. Aloitin kuvaamisen v 2015 ja nyt opiskelen valokuvaajan ammattitutkintoa.<\/p>\n\n\n\n<figure class=\"wp-block-image size-large\"><img loading=\"lazy\" decoding=\"async\" width=\"1024\" height=\"768\" src=\"https:\/\/tuikkustarlet.fi\/wp-content\/uploads\/2023\/07\/IMG_20211121_141745-Edit-1024x768.jpg\" alt=\"\" class=\"wp-image-82\" srcset=\"https:\/\/tuikkustarlet.fi\/wp-content\/uploads\/2023\/07\/IMG_20211121_141745-Edit-1024x768.jpg 1024w, https:\/\/tuikkustarlet.fi\/wp-content\/uploads\/2023\/07\/IMG_20211121_141745-Edit-600x450.jpg 600w, https:\/\/tuikkustarlet.fi\/wp-content\/uploads\/2023\/07\/IMG_20211121_141745-Edit-300x225.jpg 300w, https:\/\/tuikkustarlet.fi\/wp-content\/uploads\/2023\/07\/IMG_20211121_141745-Edit-768x576.jpg 768w, https:\/\/tuikkustarlet.fi\/wp-content\/uploads\/2023\/07\/IMG_20211121_141745-Edit-1536x1152.jpg 1536w, https:\/\/tuikkustarlet.fi\/wp-content\/uploads\/2023\/07\/IMG_20211121_141745-Edit.jpg 2048w\" sizes=\"auto, (max-width: 1024px) 100vw, 1024px\" \/><\/figure>\n\n\n\n<p>Tule mukaan tutkimaan milt\u00e4 tuntuu katsella maailmaa ja kaikkeutta minun silmieni kautta!<\/p>\n\n\n\n<p>rakkaudella, <\/p>\n\n\n\n<p><\/p>\n\n\n\n<p>Tuikku<\/p>\n\n\n\n<p> <\/p>\n","protected":false},"excerpt":{"rendered":"<p>Jo pikkutytt\u00f6n\u00e4 uppouduin kauniiden maisemien \u00e4\u00e4relle, j\u00e4rven rantaan tai mets\u00e4kukkuloille. Suon usvassa tanssi iltaisin keijuja kastehelmi\u00e4 hameissaan. Opiskellessani teoreettista fysiikkaa ja t\u00e4htitiedett\u00e4 tajusin, ett\u00e4 olemme kaikki, koko universumi samaa hiukkasten tanssia &#8211; &#8220;T\u00e4htip\u00f6ly\u00e4 kaikki me vaan&#8221; laulan luontobiisej\u00e4 esitt\u00e4v\u00e4ss\u00e4 b\u00e4ndiss\u00e4ni. Ja samoista tunnelmista teen kuviani. Rakkaudesta, ykseydest\u00e4, joskus ilosta, joskus surusta, joskus pelostakin. Aloitin kuvaamisen [&hellip;]<\/p>\n","protected":false},"author":1,"featured_media":0,"parent":0,"menu_order":0,"comment_status":"closed","ping_status":"closed","template":"","meta":{"footnotes":""},"class_list":["post-471","page","type-page","status-publish","hentry"],"jetpack_sharing_enabled":true,"_links":{"self":[{"href":"https:\/\/tuikkustarlet.fi\/fi\/wp-json\/wp\/v2\/pages\/471","targetHints":{"allow":["GET"]}}],"collection":[{"href":"https:\/\/tuikkustarlet.fi\/fi\/wp-json\/wp\/v2\/pages"}],"about":[{"href":"https:\/\/tuikkustarlet.fi\/fi\/wp-json\/wp\/v2\/types\/page"}],"author":[{"embeddable":true,"href":"https:\/\/tuikkustarlet.fi\/fi\/wp-json\/wp\/v2\/users\/1"}],"replies":[{"embeddable":true,"href":"https:\/\/tuikkustarlet.fi\/fi\/wp-json\/wp\/v2\/comments?post=471"}],"version-history":[{"count":0,"href":"https:\/\/tuikkustarlet.fi\/fi\/wp-json\/wp\/v2\/pages\/471\/revisions"}],"wp:attachment":[{"href":"https:\/\/tuikkustarlet.fi\/fi\/wp-json\/wp\/v2\/media?parent=471"}],"curies":[{"name":"wp","href":"https:\/\/api.w.org\/{rel}","templated":true}]}}